{"id":30,"date":"2019-07-09T11:17:37","date_gmt":"2019-07-09T08:17:37","guid":{"rendered":"http:\/\/protezsacpro.com\/?page_id=30"},"modified":"2019-07-09T11:17:58","modified_gmt":"2019-07-09T08:17:58","slug":"nanofilament","status":"publish","type":"page","link":"http:\/\/protezsacpro.com\/index.php\/nanofilament\/","title":{"rendered":"Nanofilament"},"content":{"rendered":"\n<h4 class=\"wp-block-heading\">Nanofilament<\/h4>\n\n\n\n<figure class=\"wp-block-image alignwide\"><img loading=\"lazy\" decoding=\"async\" width=\"940\" height=\"430\" src=\"http:\/\/protezsacpro.com\/wp-content\/uploads\/2019\/07\/Son-Tekonoloji-Protez-Sac\u0327-Nanofilament-2.jpg\" alt=\"\" class=\"wp-image-31\" srcset=\"http:\/\/protezsacpro.com\/wp-content\/uploads\/2019\/07\/Son-Tekonoloji-Protez-Sac\u0327-Nanofilament-2.jpg 940w, http:\/\/protezsacpro.com\/wp-content\/uploads\/2019\/07\/Son-Tekonoloji-Protez-Sac\u0327-Nanofilament-2-300x137.jpg 300w, http:\/\/protezsacpro.com\/wp-content\/uploads\/2019\/07\/Son-Tekonoloji-Protez-Sac\u0327-Nanofilament-2-768x351.jpg 768w\" sizes=\"auto, (max-width: 940px) 100vw, 940px\" \/><figcaption>nanofilament-erkek-protez-sac<\/figcaption><\/figure>\n\n\n\n<p>Nanofilament orijinal sa\u00e7lar\u0131n\u0131z ile neredeyse birebir ayn\u0131 \ng\u00f6r\u00fcn\u00fcmde, kendi do\u011fal sa\u00e7lar\u0131n\u0131zdan ay\u0131rt edilmesi neredeyse imkans\u0131z \n%100 do\u011fal ger\u00e7ek sa\u00e7lar ile kendi do\u011fal sa\u00e7lar\u0131n\u0131za en yak\u0131n g\u00f6r\u00fcn\u00fcm\u00fc \nsa\u011flayan sa\u00e7land\u0131rma ve sa\u00e7 uzatma sisteminin genel ad\u0131d\u0131r.<\/p>\n\n\n\n<p>Nanofilament nano teknoloji ile \u00fcretilmi\u015f en son teknoloji<br>\n<strong>Nanofilament Peruk<\/strong>, Nanofilament Protez Sa\u00e7, \nNanofilament Tepelik Sa\u00e7 ve Nanofilament Ka\u015f, Nanofilament Sa\u00e7 Kaynak \nolarak alt gruplara ay\u0131rabiliriz.<br>\nNanofilament peruk \u00f6zellikle kemoterapi tedavisi g\u00f6ren , alopecia areata\n ve sa\u00e7 d\u00f6k\u00fclmesi ya\u015fayan ki\u015filere m\u00fckemmel bir \u00e7\u00f6z\u00fcmd\u00fcr. Klasik peruk \nve protez sa\u00e7lar ile k\u0131yasland\u0131\u011f\u0131nda Nanofilament nano teknolojisi ile \n\u00f6n plana \u00e7\u0131karak b\u00fct\u00fcn sistemleri bir kenara itmektedir.<br>\nNanofilament peruk \u00f6zellikle \u00e7ok ciddi boyutta sa\u00e7 d\u00f6k\u00fclmesi ile sa\u00e7 \nkayb\u0131, yan\u0131k deri ve bo\u015f alanlar gibi sorunlar\u0131 olan ve bazen sa\u00e7 \nakiminin uygun olmad\u0131\u011f\u0131 durumlarda sa\u00e7 ekimi gibi cerrahi m\u00fcdahale \nolmaks\u0131z\u0131n orijinal sa\u00e7lar\u0131n\u0131 tekrar kazand\u0131r\u0131yoruz. Eski orijinal \nsa\u00e7lar\u0131n fazlas\u0131n\u0131 kazanmak isteyen sa\u00e7lar\u0131 ile sorun ya\u015fayan ki\u015filer \ni\u00e7in cerrahi m\u00fcdahalesiz en do\u011fal, %100 ger\u00e7ek sa\u00e7 sistemi Nanofilament \nen do\u011fru m\u00fckemmel bir \u00e7\u00f6z\u00fcmd\u00fcr.<\/p>\n\n\n\n<p>Modern sosyal ya\u015famda sosyal etkinliklerinizde spor, sauna, havuz, \ndeniz, buhar banyosu gibi aktivitelerde inan\u0131lmaz derecede dayan\u0131kl\u0131, \ndo\u011fal g\u00f6r\u00fcnt\u00fcye sahip Nanofilament sa\u00e7 sistemleri ki\u015fiye \u00f6zel \nhaz\u0131rlanabiliyor.<\/p>\n\n\n\n<p>Sa\u00e7 d\u00f6k\u00fclmesi ve kayb\u0131 ya\u015fayan ki\u015filerin sorunlar\u0131na \u00e7\u00f6z\u00fcm olmas\u0131na \nra\u011fmen, sa\u00e7 kayb\u0131 \u015fikayeti olan t\u00fcketicilerin \u00e7o\u011funun sa\u00e7 sistemi \nuygulat\u0131rken nelere dikkat etmeleri ve ne yapmalar\u0131 gerekti\u011fi konusunda \nhi\u00e7 bir fikirleri yoktur. Sa\u00e7land\u0131rma sistemlerinin se\u00e7iminde hassasiyet\n ve titizlikle ara\u015ft\u0131rma yap\u0131lmal\u0131 ve bu konuda suiistimal edilmekten \nka\u00e7\u0131n\u0131lmal\u0131d\u0131r. Sosyal ya\u015fam\u0131n\u0131zda sizden \u00f6nemli hi\u00e7bir kimse veya ba\u015fka\n konunun olmad\u0131\u011f\u0131n\u0131, sevdikleriniz i\u00e7in var olabilmenizin de \u00f6ncelikle \nher bak\u0131mdan , ruhsal, fiziksel g\u00f6r\u00fcn\u00fcm\u00fcn\u00fcz ile e\u015fde\u011fer \u00f6zg\u00fcveninizin \nsizin iyi olman\u0131za ba\u011fl\u0131 oldu\u011funu kesinlikle unutmay\u0131n ve do\u011fru \nsa\u00e7land\u0131rma sistemleri ve en do\u011fru \u00fcr\u00fcn ile sadece bir kez ya\u015fama \nhakk\u0131n\u0131z olan sizin de\u011ferli hayat\u0131n\u0131z\u0131 ve \u00f6zg\u00fcveninizin size verece\u011fi \nmoral ve g\u00fc\u00e7 ile s\u00fcrd\u00fcrmeye devam etmelisiniz. \u0130\u015fte Vogue Hair &amp; \nSACH Sa\u00e7 Sistemleri olarak &nbsp;sizlere kaliteli hizmet ile g\u00f6sterdi\u011fimiz \n\u00e7aban\u0131n temelinde yatan ana fikir budur.<\/p>\n","protected":false},"excerpt":{"rendered":"<p>Nanofilament Nanofilament orijinal sa\u00e7lar\u0131n\u0131z ile neredeyse birebir ayn\u0131 g\u00f6r\u00fcn\u00fcmde, kendi do\u011fal sa\u00e7lar\u0131n\u0131zdan ay\u0131rt edilmesi neredeyse imkans\u0131z %100 do\u011fal ger\u00e7ek sa\u00e7lar ile kendi do\u011fal sa\u00e7lar\u0131n\u0131za en yak\u0131n g\u00f6r\u00fcn\u00fcm\u00fc sa\u011flayan sa\u00e7land\u0131rma ve sa\u00e7 uzatma sisteminin genel ad\u0131d\u0131r. Nanofilament nano teknoloji ile \u00fcretilmi\u015f en son teknoloji Nanofilament Peruk, Nanofilament Protez<\/p>\n","protected":false},"author":1,"featured_media":0,"parent":0,"menu_order":0,"comment_status":"closed","ping_status":"closed","template":"page-FullWidth.php","meta":{"footnotes":""},"tags":[],"class_list":["post-30","page","type-page","status-publish","hentry"],"aioseo_notices":[],"_links":{"self":[{"href":"http:\/\/protezsacpro.com\/index.php\/wp-json\/wp\/v2\/pages\/30","targetHints":{"allow":["GET"]}}],"collection":[{"href":"http:\/\/protezsacpro.com\/index.php\/wp-json\/wp\/v2\/pages"}],"about":[{"href":"http:\/\/protezsacpro.com\/index.php\/wp-json\/wp\/v2\/types\/page"}],"author":[{"embeddable":true,"href":"http:\/\/protezsacpro.com\/index.php\/wp-json\/wp\/v2\/users\/1"}],"replies":[{"embeddable":true,"href":"http:\/\/protezsacpro.com\/index.php\/wp-json\/wp\/v2\/comments?post=30"}],"version-history":[{"count":1,"href":"http:\/\/protezsacpro.com\/index.php\/wp-json\/wp\/v2\/pages\/30\/revisions"}],"predecessor-version":[{"id":33,"href":"http:\/\/protezsacpro.com\/index.php\/wp-json\/wp\/v2\/pages\/30\/revisions\/33"}],"wp:attachment":[{"href":"http:\/\/protezsacpro.com\/index.php\/wp-json\/wp\/v2\/media?parent=30"}],"wp:term":[{"taxonomy":"post_tag","embeddable":true,"href":"http:\/\/protezsacpro.com\/index.php\/wp-json\/wp\/v2\/tags?post=30"}],"curies":[{"name":"wp","href":"https:\/\/api.w.org\/{rel}","templated":true}]}}